{"id":12,"date":"2015-10-30T14:08:33","date_gmt":"2015-10-30T12:08:33","guid":{"rendered":"http:\/\/www.cursuriartemartiale.ro\/?page_id=12"},"modified":"2016-02-09T23:36:16","modified_gmt":"2016-02-09T21:36:16","slug":"pagina-principala","status":"publish","type":"page","link":"http:\/\/www.cursuriartemartiale.ro\/","title":{"rendered":"Home"},"content":{"rendered":"<p><span style=\"font-family: times new roman,times,serif; font-size: 16px;\">Bine a\u021bi venit !<\/span><\/p>\n<p><span style=\"font-family: times new roman,times,serif; font-size: 16px;\">Dac\u0103 sunte\u021bi aici, \u00eenseamn\u0103 c\u0103 trebuia s\u0103 ne \u00eent\u00e2lnim \u0219i s\u0103 descoperim \u00eempreun\u0103 c\u00e2te ceva din mirifica lume a artelor mar\u021biale \/ JU-JITSU!<\/span><\/p>\n<p><span style=\"font-family: times new roman,times,serif; font-size: 16px;\">Plec\u00e2nd de la u\u0219or la greu, de la simplu la complex, de la cunoscut la necunoscut, indiferent dac\u0103 sunte\u021bi copil,adolescent sau adult, ve-\u021bi avea posibilitatea s\u0103 \u00eembina\u021bi utilul cu pl\u0103cutul, preg\u0103tirea fizic\u0103 cu consolidarea unui psihic puternic, deprinderea cuno\u0219tin\u021belor specifice vechii arte de lupt\u0103 a renumi\u021bilor <em>samurai <\/em>\u0219i transpunerea lor la cerin\u021bele vie\u021bii moderne sau necesit\u0103\u021biii unei autoap\u0103r\u0103ri eficiente, \u00eentr-un mediu armonios, profesionist, agreabil&#8230;<\/span><\/p>\n<p>&nbsp;<\/p>\n","protected":false},"excerpt":{"rendered":"<p>Bine a\u021bi venit ! Dac\u0103 sunte\u021bi aici, \u00eenseamn\u0103 c\u0103 trebuia s\u0103 ne \u00eent\u00e2lnim \u0219i s\u0103 descoperim \u00eempreun\u0103 c\u00e2te ceva din mirifica lume a artelor mar\u021biale \/ JU-JITSU! Plec\u00e2nd de la u\u0219or la greu, de la simplu la complex, de la cunoscut la necunoscut, indiferent dac\u0103 sunte\u021bi copil,adolescent sau adult, ve-\u021bi avea posibilitatea s\u0103 \u00eembina\u021bi utilul [&hellip;]<\/p>\n","protected":false},"author":1,"featured_media":0,"parent":0,"menu_order":0,"comment_status":"closed","ping_status":"closed","template":"","meta":{"footnotes":""},"class_list":["post-12","page","type-page","status-publish","hentry"],"_links":{"self":[{"href":"http:\/\/www.cursuriartemartiale.ro\/index.php?rest_route=\/wp\/v2\/pages\/12","targetHints":{"allow":["GET"]}}],"collection":[{"href":"http:\/\/www.cursuriartemartiale.ro\/index.php?rest_route=\/wp\/v2\/pages"}],"about":[{"href":"http:\/\/www.cursuriartemartiale.ro\/index.php?rest_route=\/wp\/v2\/types\/page"}],"author":[{"embeddable":true,"href":"http:\/\/www.cursuriartemartiale.ro\/index.php?rest_route=\/wp\/v2\/users\/1"}],"replies":[{"embeddable":true,"href":"http:\/\/www.cursuriartemartiale.ro\/index.php?rest_route=%2Fwp%2Fv2%2Fcomments&post=12"}],"version-history":[{"count":8,"href":"http:\/\/www.cursuriartemartiale.ro\/index.php?rest_route=\/wp\/v2\/pages\/12\/revisions"}],"predecessor-version":[{"id":79,"href":"http:\/\/www.cursuriartemartiale.ro\/index.php?rest_route=\/wp\/v2\/pages\/12\/revisions\/79"}],"wp:attachment":[{"href":"http:\/\/www.cursuriartemartiale.ro\/index.php?rest_route=%2Fwp%2Fv2%2Fmedia&parent=12"}],"curies":[{"name":"wp","href":"https:\/\/api.w.org\/{rel}","templated":true}]}}