{"id":18,"date":"2016-02-09T12:05:26","date_gmt":"2016-02-09T10:05:26","guid":{"rendered":"http:\/\/www.cursuriartemartiale.ro\/?page_id=18"},"modified":"2016-02-10T08:30:28","modified_gmt":"2016-02-10T06:30:28","slug":"obiective","status":"publish","type":"page","link":"http:\/\/www.cursuriartemartiale.ro\/?page_id=18","title":{"rendered":"Cursuri"},"content":{"rendered":"<p><span style=\"font-family: times new roman,times,serif; font-size: 16px;\">Copii \u2013 de la 3,5-4 ani\u015fori, adolescen\u0163i sau adul\u0163i, indiferent de sex, v\u00e2rst\u0103, religie, profesie sau nivel de dezvoltare psiho-fizic\u0103, vom descoperi \u00eempreun\u0103 sensul real al dictonului nostru:<\/span><\/p>\n<p><span style=\"font-family: times new roman,times,serif; font-size: 16px;\"><em>\u201eCei slabi vor deveni puternici,<\/em><\/span><\/p>\n<p><span style=\"font-family: times new roman,times,serif; font-size: 16px;\"><em>Cei timizi vor deveni curajo\u015fi!\u201d<\/em><\/span><\/p>\n<p><span style=\"font-family: times new roman,times,serif; font-size: 16px;\">Ca \u015fi entitate cu personalitate juridic\u0103, acreditat\u0103 de institu\u0163ii remarcabile din domeniul artelor mar\u0163iale \u015fi preg\u0103tirii psiho-fizice, ne c\u0103l\u0103uzim activitatea dup\u0103 calit\u0103\u0163ile nobile ale <em>Codului Bushido \u2013 codul samurailor, <\/em> cod care propag\u0103 <em> corectitudinea, curajul, binefacerea sau milostenia, polite\u021bea, onestitatea \u0219i sinceritea, onoarea, loialitatea, caracterul \u0219i autocontrolul<\/em> !<\/span><\/p>\n<p><span style=\"font-family: times new roman,times,serif; font-size: 16px;\">Deci:<\/span><\/p>\n<p><span style=\"font-family: times new roman,times,serif; font-size: 16px;\">Cursuri pentu copii! Micii samurai!<\/span><\/p>\n<p><span style=\"font-family: times new roman,times,serif; font-size: 16px;\">Copilul dumneavoastr\u0103 are prea mult\u0103 energie sau este \u00eennebunit dup\u0103 filmele cu arte mar\u021biale\/karate?<\/span><\/p>\n<p><span style=\"font-family: times new roman,times,serif; font-size: 16px;\">Sau copilul dumneavoastr\u0103 este emotiv , nu are \u00eencredere \u00een for\u021bele lui \u0219i se simte nesigur pe el?<\/span><\/p>\n<p><span style=\"font-family: times new roman,times,serif; font-size: 16px;\">\u00censeamn\u0103 c\u0103 e timpul s\u0103 \u00eel aduce\u0163i la noi!<\/span><\/p>\n<p><span style=\"font-family: times new roman,times,serif; font-size: 16px;\">La noi este locul unde copilul dumneavoastr\u0103 va descoperi lumea artelor mar\u021biale, va \u00eenv\u0103\u021ba cum s\u0103 \u00ee\u0219i dezvolte poten\u021bialul \u0219i \u00ee\u0219i va \u00eensu\u0219i metode \u0219i tehnici de autoap\u0103rare \u00eentr-o manier\u0103 nonviolent\u0103. Cursurile pentru micii samurai se adreseaz\u0103 copiilor \u00eentre 3,5-12 ani!<\/span><\/p>\n<p><span style=\"font-family: times new roman,times,serif; font-size: 16px;\">Lec\u021bile special adaptate v\u00e2rstei \u0219i nevoilor celor mici con\u021bin, pe l\u00e2ng\u0103 tehnicile specifice de lupt\u0103, \u0219i multiple jocuri cu tem\u0103 prin care micii samurai \u00ee\u0219i dezvolt\u0103 calit\u0103\u021bile motrice, psihice \u0219i morale.<\/span><\/p>\n<p><span style=\"font-family: times new roman,times,serif; font-size: 16px;\">Astfel, \u00een cadrul lec\u021biilor noastre, copiii vor \u00eenv\u0103\u021ba cum s\u0103 evite orice tip de lovitur\u0103, cum s\u0103 execute corect o tehnic\u0103 de c\u0103dere, cum s\u0103 se apere \u00eempotriva tehnicilor de lovire, prize, \u00eencentur\u0103ri, atacuri cu arme (de la 14 ani), cum s\u0103 execute corect o tehnic\u0103 de proiectare, articular\u0103 sau de imobilizare, toate acestea folosindu-se de for\u021ba adversarului \u0219i cu c\u00e2t mai pu\u021bin efort.<\/span><\/p>\n<p><span style=\"font-family: times new roman,times,serif; font-size: 16px;\">Te a\u0219tept\u0103m al\u0103turi de noi la una din grupele noastre!<\/span><\/p>\n<p><span style=\"font-family: times new roman,times,serif; font-size: 16px;\">Dar, oric\u00e2t vom vorbi noi, Dumneavoastr\u0103 trebuie s\u0103 veni\u0163i \u015fi s\u0103 v\u0103 convinge\u0163i de CE \u015fi CINE suntem NOI!<\/span><\/p>\n","protected":false},"excerpt":{"rendered":"<p>Copii \u2013 de la 3,5-4 ani\u015fori, adolescen\u0163i sau adul\u0163i, indiferent de sex, v\u00e2rst\u0103, religie, profesie sau nivel de dezvoltare psiho-fizic\u0103, vom descoperi \u00eempreun\u0103 sensul real al dictonului nostru: \u201eCei slabi vor deveni puternici, Cei timizi vor deveni curajo\u015fi!\u201d Ca \u015fi entitate cu personalitate juridic\u0103, acreditat\u0103 de institu\u0163ii remarcabile din domeniul artelor mar\u0163iale \u015fi preg\u0103tirii psiho-fizice, [&hellip;]<\/p>\n","protected":false},"author":1,"featured_media":0,"parent":0,"menu_order":1,"comment_status":"closed","ping_status":"closed","template":"","meta":{"footnotes":""},"class_list":["post-18","page","type-page","status-publish","hentry"],"_links":{"self":[{"href":"http:\/\/www.cursuriartemartiale.ro\/index.php?rest_route=\/wp\/v2\/pages\/18","targetHints":{"allow":["GET"]}}],"collection":[{"href":"http:\/\/www.cursuriartemartiale.ro\/index.php?rest_route=\/wp\/v2\/pages"}],"about":[{"href":"http:\/\/www.cursuriartemartiale.ro\/index.php?rest_route=\/wp\/v2\/types\/page"}],"author":[{"embeddable":true,"href":"http:\/\/www.cursuriartemartiale.ro\/index.php?rest_route=\/wp\/v2\/users\/1"}],"replies":[{"embeddable":true,"href":"http:\/\/www.cursuriartemartiale.ro\/index.php?rest_route=%2Fwp%2Fv2%2Fcomments&post=18"}],"version-history":[{"count":4,"href":"http:\/\/www.cursuriartemartiale.ro\/index.php?rest_route=\/wp\/v2\/pages\/18\/revisions"}],"predecessor-version":[{"id":83,"href":"http:\/\/www.cursuriartemartiale.ro\/index.php?rest_route=\/wp\/v2\/pages\/18\/revisions\/83"}],"wp:attachment":[{"href":"http:\/\/www.cursuriartemartiale.ro\/index.php?rest_route=%2Fwp%2Fv2%2Fmedia&parent=18"}],"curies":[{"name":"wp","href":"https:\/\/api.w.org\/{rel}","templated":true}]}}