{"id":46,"date":"2016-02-09T16:56:00","date_gmt":"2016-02-09T14:56:00","guid":{"rendered":"http:\/\/www.cursuriartemartiale.ro\/?page_id=46"},"modified":"2016-02-09T17:07:53","modified_gmt":"2016-02-09T15:07:53","slug":"de-ce-ju-jitsu-de-ce-noi","status":"publish","type":"page","link":"http:\/\/www.cursuriartemartiale.ro\/?page_id=46","title":{"rendered":"De ce ju-jitsu? De ce noi?"},"content":{"rendered":"<p><span style=\"font-size: 16px; font-family: times new roman,times,serif;\">Fiecare art\u0103 mar\u021bial\u0103 are caracteristicile ei. \u00cen urma celor 25 de ani de practicare a artelor mar\u021biale, consider\u0103m c\u0103 ju-jitsu te preg\u0103te\u0219te cel mai adecvat pentru via\u0163a de zi cu zi: plec\u00e2nd de la situa\u021bii specifice de antrenament, la activit\u0103\u0163i cotidiene: \u015fcoal\u0103, activit\u0103\u0163i profesionale, rela\u0163ii interumane etc.<\/span><\/p>\n<p><span style=\"font-size: 16px; font-family: times new roman,times,serif;\">Ju-jitsu este printre pu\u021binele arte mar\u021biale care te preg\u0103te\u0219te multilateral, abord\u00e2nd at\u00e2t tehnici de lovire, tehnici articulare, de proiectare, de atac la puncte sensibile etc.<\/span><\/p>\n<p><span style=\"font-size: 16px; font-family: times new roman,times,serif;\">Cel mai bine este s\u0103 te convingi \u0219i singur!<\/span><\/p>\n<p><span style=\"font-size: 16px; font-family: times new roman,times,serif;\">Vino al\u0103turi de noi, prima s\u0103pt\u0103m\u00e2n\u0103 este gratuit\u0103, iar echipamentul pentru prima lun\u0103 \u00eel asigur\u0103m noi!<\/span><\/p>\n<p><span style=\"font-family: times new roman,times,serif; font-size: 16px;\">Este indicat s\u0103 practic\u0163i ju-jitsu \u00een cadrul cluburilor noastre, pentru c\u0103:Ju-jitsu este accesibil at\u00e2t din punctul de vedere al tehnicii, c\u00e2t \u015fi al poten\u0163ialului fizic al practicantului;<\/span><\/p>\n<div class=\"cols\">\n<div class=\"two\">\n<p style=\"text-align: justify; padding-left: 30px;\"><span style=\"font-size: 16px; font-family: times new roman,times,serif;\">Ju-jitsu este accesibil at\u00e2t din punctul de vedere al tehnicii, c\u00e2t \u015fi al poten\u0163ialului fizic al practicantului;<\/span><\/p>\n<p style=\"text-align: justify; padding-left: 30px;\"><span style=\"font-size: 16px; font-family: times new roman,times,serif;\">Ju-jitsu este adaptabil diverselor situa\u0163ii operative;<\/span><\/p>\n<p style=\"padding-left: 30px; text-align: justify;\"><span style=\"font-family: times new roman,times,serif; font-size: 16px;\">Ju-jitsu contribuie la ameliorarea calit\u0103\u0163ilor fizice simultan cu asimilarea con\u0163inutului tehnic;<\/span><\/p>\n<p style=\"padding-left: 30px; text-align: justify;\"><span style=\"font-family: times new roman,times,serif; font-size: 16px;\">Ju-jitsu poate fi practicat \u015fi ca metod\u0103 de petrecere pl\u0103cut\u0103 a timpului liber;<\/span><\/p>\n<p style=\"padding-left: 30px; text-align: justify;\"><span style=\"font-family: times new roman,times,serif; font-size: 16px;\">Ju-jitsu este, prin excelen\u0163\u0103, arta celui care g\u00e2nde\u015fte;<\/span><\/p>\n<p style=\"padding-left: 30px; text-align: justify;\"><span style=\"font-family: times new roman,times,serif; font-size: 16px;\">Ju-jitsu nu impune existen\u0163a echipamentelor costisitoare;<\/span><\/p>\n<p style=\"padding-left: 30px; text-align: justify;\"><span style=\"font-family: times new roman,times,serif; font-size: 16px;\">Ju-jitsu poate fi abordat at\u00e2t ca metod\u0103 de preg\u0103tire psiho-fizic\u0103, c\u00e2t \u015fi ca sistem competi\u0163ional etc.<\/span><\/p>\n<\/div>\n<div class=\"two\">\n<p style=\"text-align: justify; padding-left: 30px;\"><span style=\"font-size: 16px; font-family: times new roman,times,serif;\">Tehnicienii no\u015ftri selecteaz\u0103 \u015fi adapteaz\u0103 con\u0163inutul preg\u0103tirii conform principiului \u201e<em>trat\u0103rii diferen\u0163iate<\/em>\u201d;<\/span><\/p>\n<p style=\"text-align: justify; padding-left: 30px;\"><span style=\"font-size: 16px; font-family: times new roman,times,serif;\">Echipa tehnic\u0103 a clubului are o preg\u0103tire \u00een domeniu de invidiat: doctori, doctoranzi, grade superioare, performeri titra\u0163i etc;<\/span><\/p>\n<p style=\"text-align: justify; padding-left: 30px;\"><span style=\"font-size: 16px; font-family: times new roman,times,serif;\">Abordarea con\u0163inutului tehnic la noi, se face de o manier\u0103 adaptabil\u0103 la cerin\u0163ele \u00eenv\u0103\u0163\u0103m\u00e2ntului modern, f\u0103r\u0103 tipare sau rigidit\u0103\u0163i;<\/span><\/p>\n<p style=\"text-align: justify; padding-left: 30px;\"><span style=\"font-size: 16px; font-family: times new roman,times,serif;\">Abord\u0103m con\u0163inutul tehnic folosind metode moderne de instruire, adaptate grupelor de v\u00e2rst\u0103;<\/span><\/p>\n<p style=\"text-align: justify; padding-left: 30px;\"><span style=\"font-size: 16px; font-family: times new roman,times,serif;\">Baza material\u0103 a clubului ofer\u0103 posibilitatea unei instruiri variate;<\/span><\/p>\n<p style=\"text-align: justify; padding-left: 30px;\"><span style=\"font-size: 16px; font-family: times new roman,times,serif;\">Cotiza\u0163iile de antrenament sunt accesibile etc.<\/span><\/p>\n<\/div>\n<\/div>\n","protected":false},"excerpt":{"rendered":"<p>Fiecare art\u0103 mar\u021bial\u0103 are caracteristicile ei. \u00cen urma celor 25 de ani de practicare a artelor mar\u021biale, consider\u0103m c\u0103 ju-jitsu te preg\u0103te\u0219te cel mai adecvat pentru via\u0163a de zi cu zi: plec\u00e2nd de la situa\u021bii specifice de antrenament, la activit\u0103\u0163i cotidiene: \u015fcoal\u0103, activit\u0103\u0163i profesionale, rela\u0163ii interumane etc. Ju-jitsu este printre pu\u021binele arte mar\u021biale care te [&hellip;]<\/p>\n","protected":false},"author":1,"featured_media":0,"parent":37,"menu_order":0,"comment_status":"closed","ping_status":"closed","template":"","meta":{"footnotes":""},"class_list":["post-46","page","type-page","status-publish","hentry"],"_links":{"self":[{"href":"http:\/\/www.cursuriartemartiale.ro\/index.php?rest_route=\/wp\/v2\/pages\/46","targetHints":{"allow":["GET"]}}],"collection":[{"href":"http:\/\/www.cursuriartemartiale.ro\/index.php?rest_route=\/wp\/v2\/pages"}],"about":[{"href":"http:\/\/www.cursuriartemartiale.ro\/index.php?rest_route=\/wp\/v2\/types\/page"}],"author":[{"embeddable":true,"href":"http:\/\/www.cursuriartemartiale.ro\/index.php?rest_route=\/wp\/v2\/users\/1"}],"replies":[{"embeddable":true,"href":"http:\/\/www.cursuriartemartiale.ro\/index.php?rest_route=%2Fwp%2Fv2%2Fcomments&post=46"}],"version-history":[{"count":17,"href":"http:\/\/www.cursuriartemartiale.ro\/index.php?rest_route=\/wp\/v2\/pages\/46\/revisions"}],"predecessor-version":[{"id":64,"href":"http:\/\/www.cursuriartemartiale.ro\/index.php?rest_route=\/wp\/v2\/pages\/46\/revisions\/64"}],"up":[{"embeddable":true,"href":"http:\/\/www.cursuriartemartiale.ro\/index.php?rest_route=\/wp\/v2\/pages\/37"}],"wp:attachment":[{"href":"http:\/\/www.cursuriartemartiale.ro\/index.php?rest_route=%2Fwp%2Fv2%2Fmedia&parent=46"}],"curies":[{"name":"wp","href":"https:\/\/api.w.org\/{rel}","templated":true}]}}