{"id":65,"date":"2016-02-09T17:09:52","date_gmt":"2016-02-09T15:09:52","guid":{"rendered":"http:\/\/www.cursuriartemartiale.ro\/?page_id=65"},"modified":"2016-02-09T17:36:20","modified_gmt":"2016-02-09T15:36:20","slug":"sponsorizare","status":"publish","type":"page","link":"http:\/\/www.cursuriartemartiale.ro\/?page_id=65","title":{"rendered":"Sponsorizare"},"content":{"rendered":"<p><span style=\"font-size: 16px; font-family: times new roman,times,serif;\">Sprijinul t\u0103u conteaz\u0103!<\/span><\/p>\n<p><span style=\"font-size: 16px; font-family: times new roman,times,serif;\">2 % conteaz\u0103!<\/span><\/p>\n<p><span style=\"font-size: 16px; font-family: times new roman,times,serif;\">Dac\u0103 \u00ee\u021bi dore\u0219ti s\u0103 ne sprijni \u00een activitatea noastr\u0103, po\u021bi s\u0103 o faci direc\u021bion\u00e2nd 2% c\u0103tre clubul nostru.<\/span><\/p>\n<p><span style=\"font-size: 16px; font-family: times new roman,times,serif;\">Pentru noi ace\u0219ti 2% conteaz\u0103! Acest procent pe care alege\u021bi s\u0103-i orienta\u021bi c\u0103tre noi (sau orice alt ONG) ar reveni altfel statului.<\/span><\/p>\n<p><span style=\"font-size: 16px; font-family: times new roman,times,serif;\">Pentru a ne sus\u021bine pute\u021bi completa \u00een dou\u0103 exemplare unul dintre cele dou\u0103 formulare: formularul 200 dac\u0103 a\u021bi ob\u021binut \u00een anul precedent \u0219i alte venituri dec\u00e2t salariile (de ex. chirii, venituri din drepturi de proprietate intelectual\u0103, venituri din profesii libere etc.) sau\/\u0219i formularul 230 (daca veniturile dvs. provin exclusiv din salarii) cu datele personale. Acestea trebuie depuse la sediul Administra\u021biei de care apar\u021bine\u021bi prin domiciliu fiscal. Pentru a economisi timp, te a\u0219tept\u0103m la un antrenament cu formularul, iar noi vom depune formularul \u00een locul tau,\u00een timp ce tu te vei bucura de un antrenament al\u0103turi de noi!<\/span><\/p>\n<p><span style=\"font-size: 16px; font-family: times new roman,times,serif;\">Formularele completate se pot depune sau trimite prin po\u0219t\u0103 la Administra\u021bia Financiar\u0103 de care apar\u021bine\u021bi p\u00e2n\u0103 la data de 25 mai anul \u00een curs. Dac\u0103 alege\u021bi s\u0103 le trimite\u021bi pe adresa administra\u021biei sau s\u0103 le preda\u021bi personal, v\u0103 rugam s\u0103 nu dep\u0103\u0219i\u021bi termenul de 30 aprilie.<\/span><\/p>\n<p><span style=\"font-size: 16px; font-family: times new roman,times,serif;\">De ce s\u0103 alegi Asocia\u021bia Club Sportiv Shin Seishin?<\/span><\/p>\n<p><span style=\"font-size: 16px; font-family: times new roman,times,serif;\">Deoarece pentru noi conteaz\u0103 evolu\u021bia membrilor no\u0219tri \u0219i pentru c\u0103 suntem la \u00eenceput de drum \u0219i avem nevoie de sprijinul t\u0103u! Cu siguran\u021b\u0103 suma virat\u0103 va fi folosit\u0103 \u00een dezvoltarea clubului. \u00cempreun\u0103 putem oferi un viitor mai bun sportivilor!\u00a0\u00a0<\/span><\/p>\n<p><span style=\"font-size: 16px; font-family: times new roman,times,serif;\">V\u0103 mul\u021bumim pentru sprijinul acordat!<\/span><\/p>\n<p><span style=\"font-size: 16px; font-family: times new roman,times,serif;\">\u00a0Sponsorizarea reprezint\u0103 actul juridic prin care clubul sportiv \u0219i o persoan\u0103 fizic\u0103\/juridic\u0103 convin cu privire la transferul dreptului de proprietate asupra unor bunuri materiale sau mijloace financiare pentru sus\u021binerea unor activit\u0103\u021bi f\u0103r\u0103 scop lucrativ desf\u0103\u0219urate de c\u0103tre beneficiarul sponsoriz\u0103rii.<\/span><br \/>\n<span style=\"font-size: 16px; font-family: times new roman,times,serif;\"> Sponsorizarea este o plat\u0103 \u00een bani sau \u00een natur\u0103 f\u0103cut\u0103 c\u0103tre o organiza\u021bie non-profit sau c\u0103tre o persoan\u0103 sus\u021binut\u0103 de o astfel de organiza\u021bie, \u00een echivalentul anumitor beneficii, cum ar fi promovarea \u0219i dreptul companiei care sponsorizeaz\u0103 de a cere organiza\u021biei\/persoanei sponsorizate s\u0103-i afi\u0219eze \u00een locuri vizibile logo-ul \u0219i principalele elemente de identificare, pe scurt s\u0103-i faca publicitate.<\/span><\/p>\n<p><span style=\"font-size: 16px; font-family: times new roman,times,serif;\">Pentru sponsorizare, obiectul comunicarii \u00eel constituie produsul sau marca, iar opera\u021bia \u00een sine presupune rela\u021bii cu dublu sens \u0219i cu obliga\u021bii reciproce.<\/span><\/p>\n<p><span style=\"font-size: 16px; font-family: times new roman,times,serif;\">Cel care realizeaz\u0103 o sponsorizare urm\u0103re\u0219te prin aceasta s\u0103 ob\u021bin\u0103 avantaje comerciale \u00een sensul cre\u0219terii notoriet\u0103\u021bii, o dezvoltare a imaginii de marc\u0103, inclusiv punerea c\u00e2t mai mult \u00een valoare a celui care sus\u021bine sponsorizarea.<\/span><br \/>\n<span style=\"font-size: 16px; font-family: times new roman,times,serif;\">Alte avantaje care faciliteaz\u0103 spnsorizarea sunt reglementate prin art. 21 din Codul fiscal, mai exact:<\/span><br \/>\n<span style=\"font-size: 16px; font-family: times new roman,times,serif;\"> <strong>Cheltuielile de sponsorizare \u0219i\/sau mecenat<\/strong>\u00a0\u0219i cheltuielile privind bursele private, acordate potrivit legii; contribuabilii care efectueaz\u0103 sponsoriz\u0103ri \u0219i\/sau acte de mecenat, potrivit prevederilor Legii nr. 32\/1994 privind sponsorizarea, cu modific\u0103rile ulterioare, \u0219i ale Legii bibliotecilor nr. 334\/2002, republicat\u0103, cu modific\u0103rile \u0219i complet\u0103rile ulterioare, precum \u0219i cei care acord\u0103 burse private, potrivit legii,\u00a0<strong>se scad din impozitul pe profit datorat, dup\u0103 cum urmeaz\u0103:<\/strong><\/span><\/p>\n<ol>\n<li><span style=\"font-size: 16px; font-family: times new roman,times,serif;\"><strong>3 la mie din cifra de afaceri;<\/strong><\/span><\/li>\n<li><span style=\"font-size: 16px; font-family: times new roman,times,serif;\"><strong> 20% din impozitul pe profit datorat.<\/strong><\/span><\/li>\n<\/ol>\n<p><span style=\"font-size: 16px; font-family: times new roman,times,serif;\"><strong>A\u0219adar, dac\u0103 v\u0103 dori\u021bi s\u0103 ajuta\u021bi, ne pute\u021bi contacta pentru mai multe informa\u021bii.<\/strong><\/span><\/p>\n<p><span style=\"font-size: 16px; font-family: times new roman,times,serif;\">Pentru a putea s\u0103 ne desf\u0103\u0219ur\u0103m activitatea \u00een condi\u021bii optime avem urm\u0103toarele necesit\u0103\u021bi, cu un impact major asupra ac\u0163iunilor noastre :<\/span><\/p>\n<p><span style=\"font-size: 16px; font-family: times new roman,times,serif;\">&#8211;\u00a0\u00a0 achizi\u0163ia a cel pu\u0163in 20 de\u00a0tatami\u00a0oficial (saltele de antrenament\/competi\u0163ie, 2\/1m, 4cm) cu caracteristici specifice pentru Judo-Ju jitsu\u00a0(~600 lei\/buc);<\/span><\/p>\n<p><span style=\"font-size: 16px; font-family: times new roman,times,serif;\">\u00a0\u00a0\u00a0\u00a0\u00a0\u00a0 &#8211;\u00a0\u00a0\u00a0echipamente\/materiale\u00a0necesare desf\u0103\u015fur\u0103rii antrenamentelor \u0219i particip\u0103rii la concursuri (veste de protec\u0163ie, c\u0103\u015fti, perne de lovit, saci de box, judo-gi etc.).<\/span><\/p>\n<p><span style=\"font-size: 16px; font-family: times new roman,times,serif;\">\u00a0\u00a0\u00a0\u00a0\u00a0\u00a0 Asocia\u021bia sportiv\u0103 Shin seishin (Spirit nou) consider\u0103 c\u0103 poate ac\u0163iona, \u00eempreun\u0103 cu dumneavoastr\u0103, pe baza valorilor comune \u00eemp\u0103rt\u0103\u015fite, pentru a oferi tinerilor posibilitatea de a dezvolta abilit\u0103\u0163i de inter-rela\u0163ionare eficient\u0103 \u015fi de a practica mi\u015fcarea fizic\u0103 sub toate formele, \u00eentre care primeaz\u0103, desigur, specificul specializ\u0103rii noastre: ju-jitsu (recunoscut de Sport Accord), Sambo (recunoscut de Sport Accord)\u00a0\u00a0 \u015fi Judo (sport olimpic).<\/span><\/p>\n","protected":false},"excerpt":{"rendered":"<p>Sprijinul t\u0103u conteaz\u0103! 2 % conteaz\u0103! Dac\u0103 \u00ee\u021bi dore\u0219ti s\u0103 ne sprijni \u00een activitatea noastr\u0103, po\u021bi s\u0103 o faci direc\u021bion\u00e2nd 2% c\u0103tre clubul nostru. Pentru noi ace\u0219ti 2% conteaz\u0103! Acest procent pe care alege\u021bi s\u0103-i orienta\u021bi c\u0103tre noi (sau orice alt ONG) ar reveni altfel statului. Pentru a ne sus\u021bine pute\u021bi completa \u00een dou\u0103 exemplare [&hellip;]<\/p>\n","protected":false},"author":1,"featured_media":0,"parent":0,"menu_order":3,"comment_status":"closed","ping_status":"closed","template":"","meta":{"footnotes":""},"class_list":["post-65","page","type-page","status-publish","hentry"],"_links":{"self":[{"href":"http:\/\/www.cursuriartemartiale.ro\/index.php?rest_route=\/wp\/v2\/pages\/65","targetHints":{"allow":["GET"]}}],"collection":[{"href":"http:\/\/www.cursuriartemartiale.ro\/index.php?rest_route=\/wp\/v2\/pages"}],"about":[{"href":"http:\/\/www.cursuriartemartiale.ro\/index.php?rest_route=\/wp\/v2\/types\/page"}],"author":[{"embeddable":true,"href":"http:\/\/www.cursuriartemartiale.ro\/index.php?rest_route=\/wp\/v2\/users\/1"}],"replies":[{"embeddable":true,"href":"http:\/\/www.cursuriartemartiale.ro\/index.php?rest_route=%2Fwp%2Fv2%2Fcomments&post=65"}],"version-history":[{"count":2,"href":"http:\/\/www.cursuriartemartiale.ro\/index.php?rest_route=\/wp\/v2\/pages\/65\/revisions"}],"predecessor-version":[{"id":68,"href":"http:\/\/www.cursuriartemartiale.ro\/index.php?rest_route=\/wp\/v2\/pages\/65\/revisions\/68"}],"wp:attachment":[{"href":"http:\/\/www.cursuriartemartiale.ro\/index.php?rest_route=%2Fwp%2Fv2%2Fmedia&parent=65"}],"curies":[{"name":"wp","href":"https:\/\/api.w.org\/{rel}","templated":true}]}}